{"id":1781,"date":"2025-09-09T07:14:16","date_gmt":"2025-09-09T07:14:16","guid":{"rendered":"https:\/\/www.albascent.com\/?post_type=product&#038;p=1781"},"modified":"2025-09-09T07:14:16","modified_gmt":"2025-09-09T07:14:16","slug":"as013-yoga-meditation-relaxation-healing-mini-scented-candle","status":"publish","type":"product","link":"https:\/\/www.albascent.com\/es\/producto\/as013-yoga-meditation-relaxation-healing-mini-scented-candle\/","title":{"rendered":"AS013 Yoga meditaci\u00f3n relajaci\u00f3n curaci\u00f3n mini vela perfumada"},"content":{"rendered":"<h3><strong>Product Specifications<\/strong><\/h3>\n<table>\n<tbody>\n<tr>\n<td width=\"232\">Model\uff1a<\/td>\n<td colspan=\"3\" width=\"738\">AS013<\/td>\n<\/tr>\n<tr>\n<td width=\"232\">Material:<\/td>\n<td colspan=\"3\" width=\"738\">High-quality soy wax<\/td>\n<\/tr>\n<tr>\n<td width=\"232\">Scent:<\/td>\n<td colspan=\"3\" width=\"738\">Tamdao<\/p>\n<p>Zen tea<\/p>\n<p>Lavender oil<\/p>\n<p>Eucalyptus oil<\/p>\n<p>Lemongrass oil<\/p>\n<p>Rose oil<\/td>\n<\/tr>\n<tr>\n<td width=\"232\">Package:<\/td>\n<td width=\"232\">Paper box<\/td>\n<td width=\"232\">Cup material:<\/td>\n<td width=\"273\">Glass jar<\/td>\n<\/tr>\n<tr>\n<td width=\"232\">Candle size:<\/td>\n<td width=\"232\">6.7*4.1cm<\/td>\n<td width=\"232\">Carton size:<\/td>\n<td width=\"273\">7*5*7cm<\/td>\n<\/tr>\n<tr>\n<td width=\"232\">Wax weight:<\/td>\n<td width=\"232\">35g<\/td>\n<td width=\"232\">Gross weight:<\/td>\n<td width=\"273\">145g<\/td>\n<\/tr>\n<tr>\n<td width=\"232\">Burn Time Lasts:<\/td>\n<td width=\"232\">6 hours<\/td>\n<td width=\"232\">Logo:<\/td>\n<td width=\"273\">OEM Acceptable<\/td>\n<\/tr>\n<\/tbody>\n<\/table>\n<p>&nbsp;<\/p>\n<h3><strong>A<\/strong><strong>pplication<\/strong><\/h3>\n<p>During yoga or meditation: its sandalwood scent spreads slowly, and the candlelight helps you steady your breath. The plant-based wax burns silently, with long-lasting fragrance to help you focus quickly\u2014your olfactory anchor for mindfulness.<\/p>\n<p>&nbsp;<\/p>\n<h3><strong>About Us<\/strong><\/h3>\n<ol>\n<li>Years of experience in processing and production, standardized production lines<\/li>\n<li>Guaranteed fast delivery times, rapid mass production and on-time shipment<\/li>\n<li>Sufficient inventory, comprehensive styles, and carefully selected raw materials.<\/li>\n<\/ol>","protected":false},"excerpt":{"rendered":"<p>Designed to add calm and joy to your daily moments. We use premium fragrance oils and pure natural wax, ensuring rich, long-lasting, and even scent release every time you light it. Place it in the living room, bedroom, or bathroom\u2014it effortlessly sets your desired mood, and elevates your home\u2019s style and comfort.<\/p>","protected":false},"featured_media":1785,"comment_status":"open","ping_status":"closed","template":"","meta":{"_acf_changed":false},"product_brand":[],"product_cat":[46,52,45],"product_tag":[70],"class_list":{"0":"post-1781","1":"product","2":"type-product","3":"status-publish","4":"has-post-thumbnail","6":"product_cat-healing-meditation","7":"product_cat-mini-candle","8":"product_cat-yoga-studio","9":"product_tag-scented-candle","11":"first","12":"instock","13":"shipping-taxable","14":"product-type-simple"},"acf":[],"yoast_head":"<!-- This site is optimized with the Yoast SEO plugin v27.4 - https:\/\/yoast.com\/product\/yoast-seo-wordpress\/ -->\n<title>AS013 Yoga meditation relaxation healing mini scented candle - albascent.com<\/title>\n<meta name=\"robots\" content=\"index, follow, max-snippet:-1, max-image-preview:large, max-video-preview:-1\" \/>\n<link rel=\"canonical\" href=\"https:\/\/www.albascent.com\/es\/producto\/as013-yoga-meditation-relaxation-healing-mini-scented-candle\/\" \/>\n<meta property=\"og:locale\" content=\"es_ES\" \/>\n<meta property=\"og:type\" content=\"article\" \/>\n<meta property=\"og:title\" content=\"AS013 Yoga meditation relaxation healing mini scented candle - albascent.com\" \/>\n<meta property=\"og:description\" content=\"Designed to add calm and joy to your daily moments. We use premium fragrance oils and pure natural wax, ensuring rich, long-lasting, and even scent release every time you light it. Place it in the living room, bedroom, or bathroom\u2014it effortlessly sets your desired mood, and elevates your home\u2019s style and comfort.\" \/>\n<meta property=\"og:url\" content=\"https:\/\/www.albascent.com\/es\/producto\/as013-yoga-meditation-relaxation-healing-mini-scented-candle\/\" \/>\n<meta property=\"og:site_name\" content=\"albascent.com\" \/>\n<meta property=\"og:image\" content=\"https:\/\/www.albascent.com\/wp-content\/uploads\/2025\/09\/\u672a\u6807\u9898-1.png\" \/>\n\t<meta property=\"og:image:width\" content=\"800\" \/>\n\t<meta property=\"og:image:height\" content=\"800\" \/>\n\t<meta property=\"og:image:type\" content=\"image\/png\" \/>\n<meta name=\"twitter:card\" content=\"summary_large_image\" \/>\n<meta name=\"twitter:label1\" content=\"Tiempo de lectura\" \/>\n\t<meta name=\"twitter:data1\" content=\"1 minuto\" \/>\n<script type=\"application\/ld+json\" class=\"yoast-schema-graph\">{\"@context\":\"https:\\\/\\\/schema.org\",\"@graph\":[{\"@type\":\"WebPage\",\"@id\":\"https:\\\/\\\/www.albascent.com\\\/product\\\/as013-yoga-meditation-relaxation-healing-mini-scented-candle\\\/\",\"url\":\"https:\\\/\\\/www.albascent.com\\\/product\\\/as013-yoga-meditation-relaxation-healing-mini-scented-candle\\\/\",\"name\":\"AS013 Yoga meditation relaxation healing mini scented candle - albascent.com\",\"isPartOf\":{\"@id\":\"https:\\\/\\\/www.albascent.com\\\/#website\"},\"primaryImageOfPage\":{\"@id\":\"https:\\\/\\\/www.albascent.com\\\/product\\\/as013-yoga-meditation-relaxation-healing-mini-scented-candle\\\/#primaryimage\"},\"image\":{\"@id\":\"https:\\\/\\\/www.albascent.com\\\/product\\\/as013-yoga-meditation-relaxation-healing-mini-scented-candle\\\/#primaryimage\"},\"thumbnailUrl\":\"https:\\\/\\\/www.albascent.com\\\/wp-content\\\/uploads\\\/2025\\\/09\\\/\u672a\u6807\u9898-1.png\",\"datePublished\":\"2025-09-09T07:14:16+00:00\",\"breadcrumb\":{\"@id\":\"https:\\\/\\\/www.albascent.com\\\/product\\\/as013-yoga-meditation-relaxation-healing-mini-scented-candle\\\/#breadcrumb\"},\"inLanguage\":\"es\",\"potentialAction\":[{\"@type\":\"ReadAction\",\"target\":[\"https:\\\/\\\/www.albascent.com\\\/product\\\/as013-yoga-meditation-relaxation-healing-mini-scented-candle\\\/\"]}]},{\"@type\":\"ImageObject\",\"inLanguage\":\"es\",\"@id\":\"https:\\\/\\\/www.albascent.com\\\/product\\\/as013-yoga-meditation-relaxation-healing-mini-scented-candle\\\/#primaryimage\",\"url\":\"https:\\\/\\\/www.albascent.com\\\/wp-content\\\/uploads\\\/2025\\\/09\\\/\u672a\u6807\u9898-1.png\",\"contentUrl\":\"https:\\\/\\\/www.albascent.com\\\/wp-content\\\/uploads\\\/2025\\\/09\\\/\u672a\u6807\u9898-1.png\",\"width\":800,\"height\":800},{\"@type\":\"BreadcrumbList\",\"@id\":\"https:\\\/\\\/www.albascent.com\\\/product\\\/as013-yoga-meditation-relaxation-healing-mini-scented-candle\\\/#breadcrumb\",\"itemListElement\":[{\"@type\":\"ListItem\",\"position\":1,\"name\":\"Home\",\"item\":\"https:\\\/\\\/www.albascent.com\\\/\"},{\"@type\":\"ListItem\",\"position\":2,\"name\":\"Products\",\"item\":\"https:\\\/\\\/www.albascent.com\\\/products\\\/\"},{\"@type\":\"ListItem\",\"position\":3,\"name\":\"AS013 Yoga meditation relaxation healing mini scented candle\"}]},{\"@type\":\"WebSite\",\"@id\":\"https:\\\/\\\/www.albascent.com\\\/#website\",\"url\":\"https:\\\/\\\/www.albascent.com\\\/\",\"name\":\"albascent.com\",\"description\":\"\",\"publisher\":{\"@id\":\"https:\\\/\\\/www.albascent.com\\\/#organization\"},\"potentialAction\":[{\"@type\":\"SearchAction\",\"target\":{\"@type\":\"EntryPoint\",\"urlTemplate\":\"https:\\\/\\\/www.albascent.com\\\/?s={search_term_string}\"},\"query-input\":{\"@type\":\"PropertyValueSpecification\",\"valueRequired\":true,\"valueName\":\"search_term_string\"}}],\"inLanguage\":\"es\"},{\"@type\":\"Organization\",\"@id\":\"https:\\\/\\\/www.albascent.com\\\/#organization\",\"name\":\"albascent.com\",\"url\":\"https:\\\/\\\/www.albascent.com\\\/\",\"logo\":{\"@type\":\"ImageObject\",\"inLanguage\":\"es\",\"@id\":\"https:\\\/\\\/www.albascent.com\\\/#\\\/schema\\\/logo\\\/image\\\/\",\"url\":\"https:\\\/\\\/www.albascent.com\\\/wp-content\\\/uploads\\\/2025\\\/05\\\/Logo-Albascent.svg\",\"contentUrl\":\"https:\\\/\\\/www.albascent.com\\\/wp-content\\\/uploads\\\/2025\\\/05\\\/Logo-Albascent.svg\",\"width\":500,\"height\":150,\"caption\":\"albascent.com\"},\"image\":{\"@id\":\"https:\\\/\\\/www.albascent.com\\\/#\\\/schema\\\/logo\\\/image\\\/\"}}]}<\/script>\n<!-- \/ Yoast SEO plugin. -->","yoast_head_json":{"title":"AS013 Yoga meditation relaxation healing mini scented candle - albascent.com","robots":{"index":"index","follow":"follow","max-snippet":"max-snippet:-1","max-image-preview":"max-image-preview:large","max-video-preview":"max-video-preview:-1"},"canonical":"https:\/\/www.albascent.com\/es\/producto\/as013-yoga-meditation-relaxation-healing-mini-scented-candle\/","og_locale":"es_ES","og_type":"article","og_title":"AS013 Yoga meditation relaxation healing mini scented candle - albascent.com","og_description":"Designed to add calm and joy to your daily moments. We use premium fragrance oils and pure natural wax, ensuring rich, long-lasting, and even scent release every time you light it. Place it in the living room, bedroom, or bathroom\u2014it effortlessly sets your desired mood, and elevates your home\u2019s style and comfort.","og_url":"https:\/\/www.albascent.com\/es\/producto\/as013-yoga-meditation-relaxation-healing-mini-scented-candle\/","og_site_name":"albascent.com","og_image":[{"width":800,"height":800,"url":"https:\/\/www.albascent.com\/wp-content\/uploads\/2025\/09\/\u672a\u6807\u9898-1.png","type":"image\/png"}],"twitter_card":"summary_large_image","twitter_misc":{"Tiempo de lectura":"1 minuto"},"schema":{"@context":"https:\/\/schema.org","@graph":[{"@type":"WebPage","@id":"https:\/\/www.albascent.com\/product\/as013-yoga-meditation-relaxation-healing-mini-scented-candle\/","url":"https:\/\/www.albascent.com\/product\/as013-yoga-meditation-relaxation-healing-mini-scented-candle\/","name":"AS013 Yoga meditation relaxation healing mini scented candle - albascent.com","isPartOf":{"@id":"https:\/\/www.albascent.com\/#website"},"primaryImageOfPage":{"@id":"https:\/\/www.albascent.com\/product\/as013-yoga-meditation-relaxation-healing-mini-scented-candle\/#primaryimage"},"image":{"@id":"https:\/\/www.albascent.com\/product\/as013-yoga-meditation-relaxation-healing-mini-scented-candle\/#primaryimage"},"thumbnailUrl":"https:\/\/www.albascent.com\/wp-content\/uploads\/2025\/09\/\u672a\u6807\u9898-1.png","datePublished":"2025-09-09T07:14:16+00:00","breadcrumb":{"@id":"https:\/\/www.albascent.com\/product\/as013-yoga-meditation-relaxation-healing-mini-scented-candle\/#breadcrumb"},"inLanguage":"es","potentialAction":[{"@type":"ReadAction","target":["https:\/\/www.albascent.com\/product\/as013-yoga-meditation-relaxation-healing-mini-scented-candle\/"]}]},{"@type":"ImageObject","inLanguage":"es","@id":"https:\/\/www.albascent.com\/product\/as013-yoga-meditation-relaxation-healing-mini-scented-candle\/#primaryimage","url":"https:\/\/www.albascent.com\/wp-content\/uploads\/2025\/09\/\u672a\u6807\u9898-1.png","contentUrl":"https:\/\/www.albascent.com\/wp-content\/uploads\/2025\/09\/\u672a\u6807\u9898-1.png","width":800,"height":800},{"@type":"BreadcrumbList","@id":"https:\/\/www.albascent.com\/product\/as013-yoga-meditation-relaxation-healing-mini-scented-candle\/#breadcrumb","itemListElement":[{"@type":"ListItem","position":1,"name":"Home","item":"https:\/\/www.albascent.com\/"},{"@type":"ListItem","position":2,"name":"Products","item":"https:\/\/www.albascent.com\/products\/"},{"@type":"ListItem","position":3,"name":"AS013 Yoga meditation relaxation healing mini scented candle"}]},{"@type":"WebSite","@id":"https:\/\/www.albascent.com\/#website","url":"https:\/\/www.albascent.com\/","name":"albascent.com","description":"","publisher":{"@id":"https:\/\/www.albascent.com\/#organization"},"potentialAction":[{"@type":"SearchAction","target":{"@type":"EntryPoint","urlTemplate":"https:\/\/www.albascent.com\/?s={search_term_string}"},"query-input":{"@type":"PropertyValueSpecification","valueRequired":true,"valueName":"search_term_string"}}],"inLanguage":"es"},{"@type":"Organization","@id":"https:\/\/www.albascent.com\/#organization","name":"albascent.com","url":"https:\/\/www.albascent.com\/","logo":{"@type":"ImageObject","inLanguage":"es","@id":"https:\/\/www.albascent.com\/#\/schema\/logo\/image\/","url":"https:\/\/www.albascent.com\/wp-content\/uploads\/2025\/05\/Logo-Albascent.svg","contentUrl":"https:\/\/www.albascent.com\/wp-content\/uploads\/2025\/05\/Logo-Albascent.svg","width":500,"height":150,"caption":"albascent.com"},"image":{"@id":"https:\/\/www.albascent.com\/#\/schema\/logo\/image\/"}}]}},"_links":{"self":[{"href":"https:\/\/www.albascent.com\/es\/wp-json\/wp\/v2\/product\/1781","targetHints":{"allow":["GET"]}}],"collection":[{"href":"https:\/\/www.albascent.com\/es\/wp-json\/wp\/v2\/product"}],"about":[{"href":"https:\/\/www.albascent.com\/es\/wp-json\/wp\/v2\/types\/product"}],"replies":[{"embeddable":true,"href":"https:\/\/www.albascent.com\/es\/wp-json\/wp\/v2\/comments?post=1781"}],"wp:featuredmedia":[{"embeddable":true,"href":"https:\/\/www.albascent.com\/es\/wp-json\/wp\/v2\/media\/1785"}],"wp:attachment":[{"href":"https:\/\/www.albascent.com\/es\/wp-json\/wp\/v2\/media?parent=1781"}],"wp:term":[{"taxonomy":"product_brand","embeddable":true,"href":"https:\/\/www.albascent.com\/es\/wp-json\/wp\/v2\/product_brand?post=1781"},{"taxonomy":"product_cat","embeddable":true,"href":"https:\/\/www.albascent.com\/es\/wp-json\/wp\/v2\/product_cat?post=1781"},{"taxonomy":"product_tag","embeddable":true,"href":"https:\/\/www.albascent.com\/es\/wp-json\/wp\/v2\/product_tag?post=1781"}],"curies":[{"name":"wp","href":"https:\/\/api.w.org\/{rel}","templated":true}]}}